{"id":1235,"date":"2013-10-07T15:25:24","date_gmt":"2013-10-07T13:25:24","guid":{"rendered":"http:\/\/www.evkirche-badsaulgau.de\/rev\/?page_id=1235"},"modified":"2024-01-04T12:38:57","modified_gmt":"2024-01-04T11:38:57","slug":"b-u-k-christlicher-buechertisch","status":"publish","type":"page","link":"https:\/\/www.evkirche-badsaulgau.de\/rev\/?page_id=1235","title":{"rendered":"B.u.K. B\u00fccher und Kaffee"},"content":{"rendered":"<p><a title=\"\" href=\"http:\/\/www.evkirche-badsaulgau.de\/rev\/wp-content\/uploads\/2013\/10\/BuK-Flyer.jpg\" target=\"\" rel=\"noopener\"><img decoding=\"async\" class=\"alignleft size-large wp-image-1238\" title=\"\" src=\"http:\/\/www.evkirche-badsaulgau.de\/rev\/wp-content\/uploads\/2013\/10\/BuK-Flyer-1024x723.jpg\" alt=\"BuK Flyer\" width=\"181\" height=\"128\" srcset=\"https:\/\/www.evkirche-badsaulgau.de\/rev\/wp-content\/uploads\/2013\/10\/BuK-Flyer-1024x723.jpg 1024w, https:\/\/www.evkirche-badsaulgau.de\/rev\/wp-content\/uploads\/2013\/10\/BuK-Flyer-300x212.jpg 300w, https:\/\/www.evkirche-badsaulgau.de\/rev\/wp-content\/uploads\/2013\/10\/BuK-Flyer.jpg 1528w\" sizes=\"(max-width: 181px) 100vw, 181px\" \/><\/a><\/p>\n<div>\n<p style=\"margin-left: 240px;\"><span style=\"line-height: 1.6em;\">Seit diesem Jahr gibt es auch in unserer Gemeinde einen christlichen&nbsp;<\/span><span style=\"line-height: 1.6em; color: #ff0000;\"><span style=\"font-size: 18px;\">B\u00fcchertisch.&nbsp;<\/span><\/span><\/p>\n<p><img decoding=\"async\" class=\"size-medium wp-image-1240 alignright\" style=\"opacity: 0.9; color: #0782c1;\" title=\"\" src=\"http:\/\/www.evkirche-badsaulgau.de\/rev\/wp-content\/uploads\/2013\/10\/Buk-200x300.jpg\" alt=\"Buk\" width=\"156\" height=\"234\" srcset=\"https:\/\/www.evkirche-badsaulgau.de\/rev\/wp-content\/uploads\/2013\/10\/Buk-200x300.jpg 200w, https:\/\/www.evkirche-badsaulgau.de\/rev\/wp-content\/uploads\/2013\/10\/Buk-685x1024.jpg 685w, https:\/\/www.evkirche-badsaulgau.de\/rev\/wp-content\/uploads\/2013\/10\/Buk.jpg 723w\" sizes=\"(max-width: 156px) 100vw, 156px\" \/><\/p>\n<p style=\"margin-left: 240px;\">In den freigwordenen R\u00e4umlichkeiten des ehemaligen Jugendb\u00fcros im Gemeindehaus haben&nbsp;wir unseren B.u.K. eingerichtet, den wir jeden <span style=\"font-size: 18px;\"><span style=\"color: #ff0000;\">Donnerstag von 15.00 bis 18.00 Uhr<\/span> <\/span>f\u00fcr Sie \u00f6ffnen.&nbsp;<\/p>\n<p style=\"margin-left: 240px;\">Im B.u.K. gibt es&nbsp;<span style=\"line-height: 1.6em;\">jede Menge guter und&nbsp;aktueller christlicher B\u00fccher, die Antworten auf Lebens- und Glaubensfragen anbieten, dazu finden Sie auch eine gute Auswahl an Bibeln und Kinderbibeln, CD`s, DVD`s&nbsp;oder Geschenkartikeln. Nat\u00fcrlich k\u00f6nnen Sie im B.u.K. einfach auch mal ein wenig in den B\u00fcchern herumbl\u00e4ttern und dazu&nbsp;einen guten Kaffee genie\u00dfen.&nbsp;<\/span><\/p>\n<p style=\"margin-left: 320px;\">&nbsp;<\/p>\n<iframe src=\"\/\/docs.google.com\/viewer?url=https%3A%2F%2Fwww.evkirche-badsaulgau.de%2Frev%2Fwp-content%2Fuploads%2F2024_01.pdf&hl=de&embedded=true\" class=\"gde-frame\" style=\"width:99%; height:600px; border: none;\" scrolling=\"no\"><\/iframe>\n<p class=\"gde-text\"><a href=\"https:\/\/www.evkirche-badsaulgau.de\/rev\/wp-content\/uploads\/2024_01.pdf\" class=\"gde-link\">Download (PDF, 66KB)<\/a><\/p>\n<p>&nbsp;<\/p>\n<h1><span style=\"color: #ff0000; font-size: 18px; line-height: 1.6em;\">Jetzt neu: Unser Online B\u00fcchertisch<\/span><\/h1>\n<p><span style=\"line-height: 1.6em;\">\u00dcber den Link (einfach das online-shop-logo scm shop.de anklicken) k\u00f6nnen Sie ihre B\u00fccher direkt beim scm-shop bestellen. Ab einem Warenwert von 29 Euro bekommen Sie die Lieferung gratis per Post zugeschickt. 10 Prozent des Verkaufswerts werden unserem B.u.K. <\/span><span style=\"line-height: 1.6em;\">zugeschrieben. Es gelten die AGB`s und Lieferbedingungen des SCM Shops. Also, falls mal gerade nicht Donnerstag ist&#8230;<\/span><\/p>\n<p><a title=\"\" href=\"http:\/\/www.scm-shop.de\/?pa=9901191\" target=\"\" rel=\"noopener\"><img decoding=\"async\" class=\"size-medium wp-image-1813 alignleft\" style=\"opacity: 0.9;\" title=\"\" src=\"http:\/\/www.evkirche-badsaulgau.de\/rev\/wp-content\/uploads\/2013\/10\/SCM-Shop-Logo-300x88.jpg\" alt=\"SCM Shop Logo\" width=\"180\" height=\"53\" srcset=\"https:\/\/www.evkirche-badsaulgau.de\/rev\/wp-content\/uploads\/2013\/10\/SCM-Shop-Logo-300x88.jpg 300w, https:\/\/www.evkirche-badsaulgau.de\/rev\/wp-content\/uploads\/2013\/10\/SCM-Shop-Logo-1024x302.jpg 1024w\" sizes=\"(max-width: 180px) 100vw, 180px\" \/><\/a><\/p>\n<div>&nbsp;<br \/>\n&nbsp;&nbsp;<\/p>\n<p style=\"margin-left: 320px;\">&nbsp;<\/p>\n<p style=\"margin-left: 320px;\">&nbsp;<\/p>\n<div>\n<p style=\"margin-left: 400px;\">&nbsp;<\/p>\n<p>&nbsp;<\/p>\n<p style=\"margin-left: 400px;\">&nbsp;<\/p>\n<p style=\"margin-left: 400px;\">&nbsp;<\/p>\n<p style=\"margin-left: 400px;\">&nbsp;<\/p>\n<div>\n<hr \/>\n<p><span style=\"color: #ff0000;\">Kontakt: <\/span>Elisabeth Gerstetter (07581\/7494<\/p>\n<\/div>\n<p>&nbsp;<\/p>\n<p>&nbsp;<\/p>\n<p>&nbsp;<\/p>\n<p>&nbsp;<\/p>\n<p>&nbsp;<\/p>\n<p>&nbsp;<\/p>\n<p>&nbsp;<\/p>\n<p>&nbsp;<\/p>\n<p>&nbsp;<\/p>\n<p>&nbsp;<\/p>\n<p>&nbsp;<\/p>\n<p>&nbsp;<\/p>\n<p>&nbsp;<\/p>\n<p>&nbsp;<\/p>\n<p>&nbsp;<\/p>\n<p>&nbsp;<\/p>\n<p>&nbsp;<\/p>\n<p>&nbsp;<\/p>\n<p>&nbsp;<\/p>\n<p>&nbsp;<\/p>\n<p>&nbsp;<\/p>\n<p>&nbsp;<\/p>\n<p>&nbsp;<\/p>\n<\/div>\n<p>&nbsp;<\/p>\n<p>&nbsp;<\/p>\n<p>&nbsp;<\/p>\n<p>&nbsp;<\/p>\n<p>&nbsp;<\/p>\n<p>&nbsp;<\/p>\n<p>&nbsp;<\/p>\n<p>&nbsp;<\/p>\n<p>&nbsp;<\/p>\n<p>&nbsp;<\/p>\n<p>&nbsp;<\/p>\n<p>&nbsp;<\/p>\n<p>&nbsp;<\/p>\n<p>&nbsp;<\/p>\n<\/div>\n<\/div>\n","protected":false},"excerpt":{"rendered":"<p>Seit diesem Jahr gibt es auch in unserer Gemeinde einen christlichen&nbsp;B\u00fcchertisch.&nbsp; In den freigwordenen R\u00e4umlichkeiten des ehemaligen Jugendb\u00fcros im Gemeindehaus haben&nbsp;wir unseren B.u.K. eingerichtet, den wir jeden Donnerstag von 15.00 bis 18.00 Uhr f\u00fcr Sie \u00f6ffnen.&nbsp; Im B.u.K. gibt es&nbsp;jede Menge guter und&nbsp;aktueller christlicher B\u00fccher, die Antworten auf Lebens- und Glaubensfragen anbieten, dazu finden Sie [&hellip;]<\/p>\n","protected":false},"author":2,"featured_media":0,"parent":238,"menu_order":7,"comment_status":"closed","ping_status":"open","template":"","meta":{"ngg_post_thumbnail":0,"footnotes":"","_links_to":"","_links_to_target":""},"class_list":["post-1235","page","type-page","status-publish","hentry"],"_links":{"self":[{"href":"https:\/\/www.evkirche-badsaulgau.de\/rev\/index.php?rest_route=\/wp\/v2\/pages\/1235","targetHints":{"allow":["GET"]}}],"collection":[{"href":"https:\/\/www.evkirche-badsaulgau.de\/rev\/index.php?rest_route=\/wp\/v2\/pages"}],"about":[{"href":"https:\/\/www.evkirche-badsaulgau.de\/rev\/index.php?rest_route=\/wp\/v2\/types\/page"}],"author":[{"embeddable":true,"href":"https:\/\/www.evkirche-badsaulgau.de\/rev\/index.php?rest_route=\/wp\/v2\/users\/2"}],"replies":[{"embeddable":true,"href":"https:\/\/www.evkirche-badsaulgau.de\/rev\/index.php?rest_route=%2Fwp%2Fv2%2Fcomments&post=1235"}],"version-history":[{"count":73,"href":"https:\/\/www.evkirche-badsaulgau.de\/rev\/index.php?rest_route=\/wp\/v2\/pages\/1235\/revisions"}],"predecessor-version":[{"id":4266,"href":"https:\/\/www.evkirche-badsaulgau.de\/rev\/index.php?rest_route=\/wp\/v2\/pages\/1235\/revisions\/4266"}],"up":[{"embeddable":true,"href":"https:\/\/www.evkirche-badsaulgau.de\/rev\/index.php?rest_route=\/wp\/v2\/pages\/238"}],"wp:attachment":[{"href":"https:\/\/www.evkirche-badsaulgau.de\/rev\/index.php?rest_route=%2Fwp%2Fv2%2Fmedia&parent=1235"}],"curies":[{"name":"wp","href":"https:\/\/api.w.org\/{rel}","templated":true}]}}