{"id":221,"date":"2013-06-15T18:39:22","date_gmt":"2013-06-15T18:39:22","guid":{"rendered":"http:\/\/www.evkirche-badsaulgau.de\/rev\/?page_id=221"},"modified":"2026-03-18T21:40:32","modified_gmt":"2026-03-18T20:40:32","slug":"home-3","status":"publish","type":"page","link":"https:\/\/www.evkirche-badsaulgau.de\/rev\/","title":{"rendered":"Startseite"},"content":{"rendered":"<p><img fetchpriority=\"high\" decoding=\"async\" class=\"size-medium wp-image-438 alignright\" src=\"http:\/\/www.evkirche-badsaulgau.de\/rev\/wp-content\/uploads\/2013\/06\/comp_P1050843-225x300.jpg\" alt=\"\" width=\"225\" height=\"300\" srcset=\"https:\/\/www.evkirche-badsaulgau.de\/rev\/wp-content\/uploads\/2013\/06\/comp_P1050843-225x300.jpg 225w, https:\/\/www.evkirche-badsaulgau.de\/rev\/wp-content\/uploads\/2013\/06\/comp_P1050843-768x1024.jpg 768w, https:\/\/www.evkirche-badsaulgau.de\/rev\/wp-content\/uploads\/2013\/06\/comp_P1050843.jpg 1200w\" sizes=\"(max-width: 225px) 100vw, 225px\" \/><\/p>\n<h1><span style=\"color: #ff0000;\"><span style=\"text-align: justify;\"><span style=\"font-size: 36px;\">Herzlich willkomme<\/span><\/span><\/span><\/h1>\n<p><span style=\"color: #000000; text-align: justify;\"><big>auf der Homepage der Evangelischen Kirchengemeinde Bad Saulgau. Wir freuen uns \u00fcber Ihr Interesse an unserer Kirchengemeinde und hoffen, dass Sie auf unseren Seiten f\u00fcndig werden.<\/big>&nbsp;<\/span><\/p>\n<p>&nbsp;<\/p>\n<p>&nbsp;<\/p>\n<p>&nbsp;<\/p>\n<p><strong>Aktuelle Stellenausschreibung&nbsp;<\/strong><\/p>\n<iframe src=\"\/\/docs.google.com\/viewer?url=https%3A%2F%2Fwww.evkirche-badsaulgau.de%2Frev%2Fwp-content%2Fuploads%2FStellenausschreibung-Maerz-2026.pdf&hl=de&embedded=true\" class=\"gde-frame\" style=\"width:99%; height:1200px; border: none;\" scrolling=\"no\"><\/iframe>\n<p class=\"gde-text\"><a href=\"https:\/\/www.evkirche-badsaulgau.de\/rev\/wp-content\/uploads\/Stellenausschreibung-Maerz-2026.pdf\" class=\"gde-link\">Download (PDF, 76KB)<\/a><\/p>\n<p style=\"font-weight: 400;\"><strong>Ergebnis der Kirchenwahl am 1. Advent<\/strong><\/p>\n<p style=\"font-weight: 400;\">Die Wahl zum Kirchengemeinderat am 1. Advent ist gut \u00fcber die B\u00fchne gegangen. Die Wahlbeteiligung lag bei 11,5%, das ist zwar nicht allzu viel, aber doch deutlich h\u00f6her als vor sechs Jahren.<\/p>\n<p>Von den 2.291 abgegebenen g\u00fcltigen Stimmen entfielen auf<br \/>\nApin, Sergej 197 Stimmen<br \/>\nBarth, J\u00f6rg 274 Stimmen<br \/>\nDangel-Fischer, Manuela 206 Stimmen<br \/>\nDr. Dr. Gruber, Hans Peter 211 Stimmen<br \/>\nH\u00e4rle, Jakob 318 Stimmen<br \/>\nKeppler, Susanne 266 Stimmen<br \/>\nKieferle, Anna-Maria 260 Stimmen<br \/>\nDr. Tomutia, Patricia 254 Stimmen<br \/>\nWillnat, Melanie 305 Stimmen<\/p>\n<p style=\"font-weight: 400;\"><em>Alle neun Kandidatinnen und Kandidaten sind damit gew\u00e4hlt und werden am 4. Advent im Gottesdienst in ihr Amt eingef\u00fchrt.<\/em><em>&nbsp;<\/em><\/p>\n<p style=\"font-weight: 400;\"><em>Wir danken allen, die sich zur Wahl gestellt und die Wahl durchgef\u00fchrt haben \u2013 und allen, die sich die M\u00fche gemacht haben, an der Wahl teilzunehmen.<\/em><\/p>\n<p style=\"font-weight: 400;\"><em>&nbsp;<\/em><em>Die Ergebnisse der Wahl zur Landessynode k\u00f6nnen Sie unter <\/em><a href=\"https:\/\/www.elk-wue.de\/wir\/kirchenwahl-2025\">https:\/\/www.elk-wue.de\/wir\/kirchenwahl-2025<\/a><em> nachlesen.<\/em><\/p>\n<p>&nbsp;<\/p>\n<p><span style=\"color: #ff0000;\">Aktueller Gemeindebrief:<br \/>\n<\/span>Bitte hier auf <span style=\"font-size: 22px;\"><u><strong><span style=\"color: #ff0000;\"><a style=\"color: #ff0000;\" href=\"http:\/\/www.evkirche-badsaulgau.de\/rev\/?page_id=1507\">Gemeindebrief<\/a><\/span><\/strong><\/u><\/span> klicken. Hier finden Sie den aktuellen Gemeindebrief.<\/p>\n<p><span style=\"color: #ff0000;\">Aktuelle Veranstaltungen:<br \/>\n<\/span>Bitte hier auf <span style=\"font-size: 22px;\"><u><strong><span style=\"color: #ff0000;\"><a style=\"color: #ff0000;\" href=\"http:\/\/www.evkirche-badsaulgau.de\/rev\/?page_id=2\">Termine<\/a><\/span><\/strong><\/u><\/span> klicken. Hier finden Sie die aktuellen Gottesdienste und Veranstaltungshinweise.<\/p>\n<p>&nbsp;<\/p>\n<p>&nbsp;<\/p>\n<p>&nbsp;<\/p>\n<p>&nbsp;<\/p>\n","protected":false},"excerpt":{"rendered":"<p>Herzlich willkomme auf der Homepage der Evangelischen Kirchengemeinde Bad Saulgau. Wir freuen uns \u00fcber Ihr Interesse an unserer Kirchengemeinde und hoffen, dass Sie auf unseren Seiten f\u00fcndig werden.&nbsp; &nbsp; &nbsp; &nbsp; Aktuelle Stellenausschreibung&nbsp; Ergebnis der Kirchenwahl am 1. Advent Die Wahl zum Kirchengemeinderat am 1. Advent ist gut \u00fcber die B\u00fchne gegangen. Die Wahlbeteiligung lag [&hellip;]<\/p>\n","protected":false},"author":1,"featured_media":0,"parent":0,"menu_order":0,"comment_status":"closed","ping_status":"closed","template":"","meta":{"ngg_post_thumbnail":0,"footnotes":"","_links_to":"","_links_to_target":""},"class_list":["post-221","page","type-page","status-publish","hentry"],"_links":{"self":[{"href":"https:\/\/www.evkirche-badsaulgau.de\/rev\/index.php?rest_route=\/wp\/v2\/pages\/221","targetHints":{"allow":["GET"]}}],"collection":[{"href":"https:\/\/www.evkirche-badsaulgau.de\/rev\/index.php?rest_route=\/wp\/v2\/pages"}],"about":[{"href":"https:\/\/www.evkirche-badsaulgau.de\/rev\/index.php?rest_route=\/wp\/v2\/types\/page"}],"author":[{"embeddable":true,"href":"https:\/\/www.evkirche-badsaulgau.de\/rev\/index.php?rest_route=\/wp\/v2\/users\/1"}],"replies":[{"embeddable":true,"href":"https:\/\/www.evkirche-badsaulgau.de\/rev\/index.php?rest_route=%2Fwp%2Fv2%2Fcomments&post=221"}],"version-history":[{"count":553,"href":"https:\/\/www.evkirche-badsaulgau.de\/rev\/index.php?rest_route=\/wp\/v2\/pages\/221\/revisions"}],"predecessor-version":[{"id":4435,"href":"https:\/\/www.evkirche-badsaulgau.de\/rev\/index.php?rest_route=\/wp\/v2\/pages\/221\/revisions\/4435"}],"wp:attachment":[{"href":"https:\/\/www.evkirche-badsaulgau.de\/rev\/index.php?rest_route=%2Fwp%2Fv2%2Fmedia&parent=221"}],"curies":[{"name":"wp","href":"https:\/\/api.w.org\/{rel}","templated":true}]}}