{"id":278,"date":"2013-06-17T19:24:49","date_gmt":"2013-06-17T19:24:49","guid":{"rendered":"http:\/\/www.evkirche-badsaulgau.de\/rev\/?page_id=278"},"modified":"2018-10-17T19:51:10","modified_gmt":"2018-10-17T17:51:10","slug":"posaunenchor","status":"publish","type":"page","link":"https:\/\/www.evkirche-badsaulgau.de\/rev\/?page_id=278","title":{"rendered":"Posaunenchor"},"content":{"rendered":"<p><a title=\"\" href=\"https:\/\/www.evkirche-badsaulgau.de\/rev\/wp-content\/uploads\/Proben_WE_2018.jpg\" target=\"\" rel=\"\"><img fetchpriority=\"high\" decoding=\"async\" class=\"size-large wp-image-1218 aligncenter\" title=\"\" src=\"https:\/\/www.evkirche-badsaulgau.de\/rev\/wp-content\/uploads\/Proben_WE_2018.jpg\" alt=\"Posaunenchor\" width=\"368\" height=\"263\"\/><\/a><\/p>\n<h2 style=\"margin-left: 0px;\">\u201eMit Trompeten und Posaunen jauchzet vor dem Herrn!\u201c (Psalm 98)<\/h2>\n<p style=\"margin-left: 0px;\">Seit 1994 gibt es in unserer Gemeinde einen <span style=\"color: #ff0000;\"><span style=\"font-size: 18px;\">Posaunenchor.<\/span><\/span><\/p>\n<p style=\"margin-left: 0px;\">So mancher Gottesdienst bekommt durch die Musik unserer Bl\u00e4serinnen und Bl\u00e4ser einen festlichen Akzent. Zum Repertoire des Posaunenchors geh\u00f6rt Bl\u00e4sermusik von der Renaissance bis zur Moderne, choralgebundene Literatur, aber auch neuere geistliche Musik und Volkslieder.&nbsp;Unser Posaunenchor ist mit dabei, wenn Gottesdienste unter freiem Himmel gefeiert werden,&nbsp; wenn beim Gemeindefest miteinander gesungen wird oder einem Jubilar ein musikalischer Gru\u00df \u00fcberbracht werden soll. Auch der Dienst bei Alten und Kranken geh\u00f6rt zur Aufgabe des Chors.&nbsp;H\u00f6hepunkte im Jahresprogramm sind das Jahreskonzert im Herbst.<\/p>\n<p style=\"margin-left: 0px;\">Der Chor besteht zurzeit aus 19 Bl\u00e4serinnen und Bl\u00e4sern. Die Proben finden (au\u00dfer in den Schulferien) <span style=\"color: #ff0000;\">dienstags, 19.30 Uhr im Gemeindehaus<\/span> statt. Meist schlie\u00dft sich ein geselliger Ausklang an.<\/p>\n<hr \/>\n<p><span style=\"color: #ff0000;\"><span style=\"font-family: Arial;\">Musikalische Leitung:&nbsp;<\/span><\/span><span style=\"font-family: Arial;\">Alexander<\/span><span style=\"font-family: Arial;\"> Fischer (<\/span><b style=\"font-family: Arial;\">07581\/900445)<\/b><\/p>\n<p><a href=\"http:\/\/www.evkirche-badsaulgau.de\/rev\/wp-content\/uploads\/2013\/10\/Alexander-Fischer.jpg\"><img decoding=\"async\" class=\"alignleft size-thumbnail wp-image-1222\" src=\"http:\/\/www.evkirche-badsaulgau.de\/rev\/wp-content\/uploads\/2013\/10\/Alexander-Fischer-150x150.jpg\" alt=\"Alexander Fischer\" width=\"150\" height=\"150\"\/><\/a><\/p>\n<h1 style=\"text-align: center;\"><a title=\"G\u00e4stebuch Posaunenchor\" href=\"http:\/\/www.evkirche-badsaulgau.de\/rev\/?page_id=541\">&nbsp;<\/a><\/h1>\n<p>&nbsp;<\/p>\n<p>&nbsp;<\/p>\n<p>&nbsp;<\/p>\n<h1 style=\"text-align: center;\">&nbsp;<\/h1>\n","protected":false},"excerpt":{"rendered":"<p>\u201eMit Trompeten und Posaunen jauchzet vor dem Herrn!\u201c (Psalm 98) Seit 1994 gibt es in unserer Gemeinde einen Posaunenchor. So mancher Gottesdienst bekommt durch die Musik unserer Bl\u00e4serinnen und Bl\u00e4ser einen festlichen Akzent. Zum Repertoire des Posaunenchors geh\u00f6rt Bl\u00e4sermusik von der Renaissance bis zur Moderne, choralgebundene Literatur, aber auch neuere geistliche Musik und Volkslieder.&nbsp;Unser Posaunenchor [&hellip;]<\/p>\n","protected":false},"author":2,"featured_media":0,"parent":260,"menu_order":2,"comment_status":"closed","ping_status":"closed","template":"","meta":{"ngg_post_thumbnail":0,"footnotes":"","_links_to":"","_links_to_target":""},"class_list":["post-278","page","type-page","status-publish","hentry"],"_links":{"self":[{"href":"https:\/\/www.evkirche-badsaulgau.de\/rev\/index.php?rest_route=\/wp\/v2\/pages\/278","targetHints":{"allow":["GET"]}}],"collection":[{"href":"https:\/\/www.evkirche-badsaulgau.de\/rev\/index.php?rest_route=\/wp\/v2\/pages"}],"about":[{"href":"https:\/\/www.evkirche-badsaulgau.de\/rev\/index.php?rest_route=\/wp\/v2\/types\/page"}],"author":[{"embeddable":true,"href":"https:\/\/www.evkirche-badsaulgau.de\/rev\/index.php?rest_route=\/wp\/v2\/users\/2"}],"replies":[{"embeddable":true,"href":"https:\/\/www.evkirche-badsaulgau.de\/rev\/index.php?rest_route=%2Fwp%2Fv2%2Fcomments&post=278"}],"version-history":[{"count":38,"href":"https:\/\/www.evkirche-badsaulgau.de\/rev\/index.php?rest_route=\/wp\/v2\/pages\/278\/revisions"}],"predecessor-version":[{"id":3042,"href":"https:\/\/www.evkirche-badsaulgau.de\/rev\/index.php?rest_route=\/wp\/v2\/pages\/278\/revisions\/3042"}],"up":[{"embeddable":true,"href":"https:\/\/www.evkirche-badsaulgau.de\/rev\/index.php?rest_route=\/wp\/v2\/pages\/260"}],"wp:attachment":[{"href":"https:\/\/www.evkirche-badsaulgau.de\/rev\/index.php?rest_route=%2Fwp%2Fv2%2Fmedia&parent=278"}],"curies":[{"name":"wp","href":"https:\/\/api.w.org\/{rel}","templated":true}]}}