{"id":29,"date":"2012-11-05T17:03:48","date_gmt":"2012-11-05T17:03:48","guid":{"rendered":"http:\/\/www.evkirche-badsaulgau.de\/rev\/?page_id=29"},"modified":"2018-01-12T17:38:53","modified_gmt":"2018-01-12T16:38:53","slug":"gemeindeburo","status":"publish","type":"page","link":"https:\/\/www.evkirche-badsaulgau.de\/rev\/?page_id=29","title":{"rendered":"Gemeindeb\u00fcro"},"content":{"rendered":"<p style=\"text-align: left;\"><span style=\"color: #ff0000;\"><span style=\"font-size: 18px;\"><span style=\"font-family: Arial;\">Evangelische Kirchengemeinde Bad Saulgau<\/span><\/span><\/span><\/p>\n<p style=\"text-align: left;\"><a title=\"\" href=\"http:\/\/www.evkirche-badsaulgau.de\/rev\/wp-content\/uploads\/2012\/11\/09_Kontakt_Erika_Thomma.jpg\" target=\"\" rel=\"\"><img decoding=\"async\" class=\"size-full wp-image-80 alignleft\" style=\"opacity: 0.9;\" title=\"Digital StillCamera\" src=\"http:\/\/www.evkirche-badsaulgau.de\/rev\/wp-content\/uploads\/2012\/11\/09_Kontakt_Erika_Thomma.jpg\" alt=\"\" width=\"187\" height=\"140\"\/><\/a><\/p>\n<p>&nbsp;<\/p>\n<p>&nbsp;<\/p>\n<p>&nbsp;<br \/>\n&nbsp;<br \/>\n&nbsp;<\/p>\n<p>&nbsp;<\/p>\n<p>&nbsp;<\/p>\n<p style=\"margin-left: 0px;\"><span style=\"font-family: Arial;\">Gemeindeb\u00fcro im EG des Gemeindehauses,&nbsp;<\/span><span style=\"font-family: Arial;\">Gutenbergstra\u00dfe 49 (Eingang links)<\/span><\/p>\n<p style=\"margin-left: 0px;\"><span style=\"color: #ff0000;\"><span style=\"font-family: Arial;\">Das Gemeindeb\u00fcro (Erika Thomma) ist<\/span><\/span><\/p>\n<p>Di, Do, Fr. 8.30 &#8211; 11.30 Uhr und Mi 16.00 &#8211; 17.30 Uhr ge\u00f6ffnet<\/p>\n<p style=\"margin-left: 0px;\"><span style=\"font-family: Arial;\">Tel.: 07581 \/ 8630 <\/span><\/p>\n<p style=\"margin-left: 0px;\"><span style=\"font-family: Arial;\">Fax.: 07581 \/&nbsp; 537 567 <\/span><\/p>\n<p style=\"margin-left: 0px;\">gemeindebuero.bad-saulgau[ at] elkw.de<\/p>\n<p>&nbsp;<\/p>\n<p style=\"margin-left: 0px;\">\n<a href=\"http:\/\/www.evkirche-badsaulgau.de\/rev\/wp-content\/uploads\/2012\/11\/06_03gemeindebuero.jpg\"><img fetchpriority=\"high\" decoding=\"async\" class=\"alignright size-medium wp-image-87\" title=\"06_03gemeindebuero\" src=\"http:\/\/www.evkirche-badsaulgau.de\/rev\/wp-content\/uploads\/2012\/11\/06_03gemeindebuero-225x300.jpg\" alt=\"\" width=\"225\" height=\"300\" srcset=\"https:\/\/www.evkirche-badsaulgau.de\/rev\/wp-content\/uploads\/2012\/11\/06_03gemeindebuero-225x300.jpg 225w, https:\/\/www.evkirche-badsaulgau.de\/rev\/wp-content\/uploads\/2012\/11\/06_03gemeindebuero.jpg 240w\" sizes=\"(max-width: 225px) 100vw, 225px\" \/><\/a><\/p>\n<p>&nbsp;<\/p>\n<div>&nbsp;<\/div>\n<p>&nbsp; <a title=\"Geb\u00e4ude \/ Lageplan\" href=\"http:\/\/www.evkirche-badsaulgau.de\/rev\/?page_id=98\">Geb\u00e4ude \/ Lageplan<\/a><\/p>\n","protected":false},"excerpt":{"rendered":"<p>Evangelische Kirchengemeinde Bad Saulgau &nbsp; &nbsp; &nbsp; &nbsp; &nbsp; &nbsp; &nbsp; Gemeindeb\u00fcro im EG des Gemeindehauses,&nbsp;Gutenbergstra\u00dfe 49 (Eingang links) Das Gemeindeb\u00fcro (Erika Thomma) ist Di, Do, Fr. 8.30 &#8211; 11.30 Uhr und Mi 16.00 &#8211; 17.30 Uhr ge\u00f6ffnet Tel.: 07581 \/ 8630 Fax.: 07581 \/&nbsp; 537 567 gemeindebuero.bad-saulgau[ at] elkw.de &nbsp; &nbsp; &nbsp; &nbsp; Geb\u00e4ude [&hellip;]<\/p>\n","protected":false},"author":1,"featured_media":0,"parent":9,"menu_order":4,"comment_status":"closed","ping_status":"closed","template":"","meta":{"ngg_post_thumbnail":0,"footnotes":"","_links_to":"","_links_to_target":""},"class_list":["post-29","page","type-page","status-publish","hentry"],"_links":{"self":[{"href":"https:\/\/www.evkirche-badsaulgau.de\/rev\/index.php?rest_route=\/wp\/v2\/pages\/29","targetHints":{"allow":["GET"]}}],"collection":[{"href":"https:\/\/www.evkirche-badsaulgau.de\/rev\/index.php?rest_route=\/wp\/v2\/pages"}],"about":[{"href":"https:\/\/www.evkirche-badsaulgau.de\/rev\/index.php?rest_route=\/wp\/v2\/types\/page"}],"author":[{"embeddable":true,"href":"https:\/\/www.evkirche-badsaulgau.de\/rev\/index.php?rest_route=\/wp\/v2\/users\/1"}],"replies":[{"embeddable":true,"href":"https:\/\/www.evkirche-badsaulgau.de\/rev\/index.php?rest_route=%2Fwp%2Fv2%2Fcomments&post=29"}],"version-history":[{"count":29,"href":"https:\/\/www.evkirche-badsaulgau.de\/rev\/index.php?rest_route=\/wp\/v2\/pages\/29\/revisions"}],"predecessor-version":[{"id":2876,"href":"https:\/\/www.evkirche-badsaulgau.de\/rev\/index.php?rest_route=\/wp\/v2\/pages\/29\/revisions\/2876"}],"up":[{"embeddable":true,"href":"https:\/\/www.evkirche-badsaulgau.de\/rev\/index.php?rest_route=\/wp\/v2\/pages\/9"}],"wp:attachment":[{"href":"https:\/\/www.evkirche-badsaulgau.de\/rev\/index.php?rest_route=%2Fwp%2Fv2%2Fmedia&parent=29"}],"curies":[{"name":"wp","href":"https:\/\/api.w.org\/{rel}","templated":true}]}}