{"id":369,"date":"2013-06-19T12:38:50","date_gmt":"2013-06-19T12:38:50","guid":{"rendered":"http:\/\/www.evkirche-badsaulgau.de\/rev\/?page_id=369"},"modified":"2025-08-26T21:53:40","modified_gmt":"2025-08-26T19:53:40","slug":"erwachsenenbildung","status":"publish","type":"page","link":"https:\/\/www.evkirche-badsaulgau.de\/rev\/?page_id=369","title":{"rendered":"Erwachsenenbildung"},"content":{"rendered":"<div id=\"attachment_370\" style=\"width: 310px\" class=\"wp-caption alignleft\"><img fetchpriority=\"high\" decoding=\"async\" aria-describedby=\"caption-attachment-370\" class=\"size-medium wp-image-370 wp-caption alignleft\" style=\"opacity: 0.9;\" title=\"Team Erwachsenenbildung\" src=\"https:\/\/www.evkirche-badsaulgau.de\/rev\/wp-content\/uploads\/Erwachsenenbildung_Team_2018.jpg\" alt=\"Marika Marsovszki, Doris Gai&amp;amp;amp;amp;amp;amp;amp;amp;amp;amp;amp;amp;szlig;maier, Samuel Hartmann, Michael Ulrich, Erika Thomma\" width=\"300\" height=\"200\"\/><p id=\"caption-attachment-370\" class=\"wp-caption-text\"><br \/>von links nach rechts: Marika Marsovszki, Erika Thomma, Waltraud Gebhard, Stefanie Zerfa\u00df, Doris Gaissmaier<\/p><\/div>\n<p style=\"margin-left: 360px;\"><span style=\"font-size: 18px;\">Die<\/span><span style=\"color: #ff0000;\"><span style=\"font-size: 18px;\"> Evangelische Erwachsenenbildung<\/span><\/span> gibt es seit Anfang der 90ziger Jahre. Engagierte&nbsp;Frauen begannen, auch in unserer Gemeinde den Bildungsauftrag der Kirche f\u00fcr Erwachsene&nbsp;wahrzunehmen.Der ganze Mensch mit Leib, Seele und&nbsp;Geist sollte in den Blick kommen.<\/p>\n<p style=\"margin-left: 360px;\">Seither bietet&nbsp; unsere Erwachsenenbildung halbj\u00e4hrlich ein abwechslungs-reiches Programm an, das sich besonders den Bereichen Glauben und Leben, Begegnungsabende f\u00fcr \u00dcbersiedler und Einheimische, Interreligi\u00f6ser Dialog, Angebote f\u00fcr Kinder und Familien, P\u00e4dagogische und psychologische Abende zu Erziehungsthemen und ganzheitlicher Medizin widmet.&nbsp;Vielleicht haben Sie Lust, sich bei uns zu engagieren?<\/p>\n<p>&nbsp; &nbsp;<\/p>\n<p style=\"margin-left: 20px;\">Hier finden Sie das aktuelle Angebot des Evangelischen Bildungswerkes Oberschwaben:<\/p>\n<ul>\n<li><span style=\"color: #0000ff;\"><a style=\"color: #0000ff;\" title=\"Ev. Bildungswerk Oberschwaben\" href=\"http:\/\/www.ebo-rv.de\" target=\"_blank\" rel=\"noopener noreferrer\">Ev. Bildungswerk Oberschwaben<\/a><\/span><\/li>\n<\/ul>\n<p>&nbsp;<br \/>\n&nbsp;<\/p>\n<p align=\"justify\">Hier sehen Sie unser aktuelles Programm:<\/p>\n<p>&nbsp;<\/p>\n<p><iframe src=\"\/\/docs.google.com\/viewer?url=https%3A%2F%2Fwww.evkirche-badsaulgau.de%2Frev%2Fwp-content%2Fuploads%2FFlyer-Erwachsenenbildung-25-26-I.pdf&hl=de&embedded=true\" class=\"gde-frame\" style=\"width:99%; height:750px; border: none;\" scrolling=\"no\"><\/iframe>\n<p class=\"gde-text\"><a href=\"https:\/\/www.evkirche-badsaulgau.de\/rev\/wp-content\/uploads\/Flyer-Erwachsenenbildung-25-26-I.pdf\" class=\"gde-link\">Download (PDF, 243KB)<\/a><\/p><embed width=\"300\" height=\"150\"\/><br \/>\n&nbsp;<\/p>\n<p>&nbsp;<\/p>\n<hr \/>\n<p>&nbsp;<\/p>\n<p><span style=\"color: #ff0000;\">Kontakt: <\/span>Gemeindeb\u00fcro Erika Thomma (07581 8630)<\/p>\n","protected":false},"excerpt":{"rendered":"<p>Die Evangelische Erwachsenenbildung gibt es seit Anfang der 90ziger Jahre. Engagierte&nbsp;Frauen begannen, auch in unserer Gemeinde den Bildungsauftrag der Kirche f\u00fcr Erwachsene&nbsp;wahrzunehmen.Der ganze Mensch mit Leib, Seele und&nbsp;Geist sollte in den Blick kommen. Seither bietet&nbsp; unsere Erwachsenenbildung halbj\u00e4hrlich ein abwechslungs-reiches Programm an, das sich besonders den Bereichen Glauben und Leben, Begegnungsabende f\u00fcr \u00dcbersiedler und Einheimische, [&hellip;]<\/p>\n","protected":false},"author":2,"featured_media":0,"parent":238,"menu_order":4,"comment_status":"closed","ping_status":"open","template":"","meta":{"ngg_post_thumbnail":0,"footnotes":"","_links_to":"","_links_to_target":""},"class_list":["post-369","page","type-page","status-publish","hentry"],"_links":{"self":[{"href":"https:\/\/www.evkirche-badsaulgau.de\/rev\/index.php?rest_route=\/wp\/v2\/pages\/369","targetHints":{"allow":["GET"]}}],"collection":[{"href":"https:\/\/www.evkirche-badsaulgau.de\/rev\/index.php?rest_route=\/wp\/v2\/pages"}],"about":[{"href":"https:\/\/www.evkirche-badsaulgau.de\/rev\/index.php?rest_route=\/wp\/v2\/types\/page"}],"author":[{"embeddable":true,"href":"https:\/\/www.evkirche-badsaulgau.de\/rev\/index.php?rest_route=\/wp\/v2\/users\/2"}],"replies":[{"embeddable":true,"href":"https:\/\/www.evkirche-badsaulgau.de\/rev\/index.php?rest_route=%2Fwp%2Fv2%2Fcomments&post=369"}],"version-history":[{"count":57,"href":"https:\/\/www.evkirche-badsaulgau.de\/rev\/index.php?rest_route=\/wp\/v2\/pages\/369\/revisions"}],"predecessor-version":[{"id":4404,"href":"https:\/\/www.evkirche-badsaulgau.de\/rev\/index.php?rest_route=\/wp\/v2\/pages\/369\/revisions\/4404"}],"up":[{"embeddable":true,"href":"https:\/\/www.evkirche-badsaulgau.de\/rev\/index.php?rest_route=\/wp\/v2\/pages\/238"}],"wp:attachment":[{"href":"https:\/\/www.evkirche-badsaulgau.de\/rev\/index.php?rest_route=%2Fwp%2Fv2%2Fmedia&parent=369"}],"curies":[{"name":"wp","href":"https:\/\/api.w.org\/{rel}","templated":true}]}}