{"id":383,"date":"2013-06-19T12:53:49","date_gmt":"2013-06-19T12:53:49","guid":{"rendered":"http:\/\/www.evkirche-badsaulgau.de\/rev\/?page_id=383"},"modified":"2021-10-12T18:32:41","modified_gmt":"2021-10-12T16:32:41","slug":"hospizgruppe","status":"publish","type":"page","link":"https:\/\/www.evkirche-badsaulgau.de\/rev\/?page_id=383","title":{"rendered":"Hospizgruppe"},"content":{"rendered":"<p><img fetchpriority=\"high\" decoding=\"async\" class=\"size-medium wp-image-384 alignleft\" title=\"\" src=\"http:\/\/www.evkirche-badsaulgau.de\/rev\/wp-content\/uploads\/2013\/06\/03_04_Diakonie_hospiz-272x300.jpg\" alt=\"03_04_Diakonie_hospiz\" width=\"258\" height=\"285\" srcset=\"https:\/\/www.evkirche-badsaulgau.de\/rev\/wp-content\/uploads\/2013\/06\/03_04_Diakonie_hospiz-272x300.jpg 272w, https:\/\/www.evkirche-badsaulgau.de\/rev\/wp-content\/uploads\/2013\/06\/03_04_Diakonie_hospiz.jpg 400w\" sizes=\"(max-width: 258px) 100vw, 258px\" \/><\/p>\n<p style=\"margin-left: 280px;\"><span style=\"color: #ff0000;\"><span style=\"font-size: 18px;\">\u00d6kumenische Hospizgruppe Bad Saulgau&nbsp;<\/span><\/span><\/p>\n<h2 style=\"margin-left: 280px;\"><span style=\"font-size: 18px;\">In Geborgenheit den Weg gehen<\/span><\/h2>\n<p style=\"margin-left: 280px;\"><span style=\"color: #ff0000;\">Hospiz:<\/span><\/p>\n<p style=\"margin-left: 280px;\">In fr\u00fcheren Zeiten gab es Hospize f\u00fcr kranke und verwundete Menschen sowie f\u00fcr Pilger und Reisende, die dort Aufnahme und Betreuung fanden. Heute ist Hospiz zu einer geistigen Bewegung geworden, um ein Leben bis zu letzt in Geborgenheit und W\u00fcrde zu erm\u00f6glichen. Wir m\u00f6chten die Auseinandersetzung mit Leben, Sterben und Tod ermutigen und Hilfestellung im Umgang mit \u00c4ngsten, Schmerzen und Alleinsein geben. Unsere letzte Lebensphase ist eine Wegstrecke, auf der wir nicht gerne alleine gehen. Viele Sterbende w\u00fcnschen, dass jemand bei ihnen ist.<\/p>\n<p style=\"margin-left: 280px;\"><span style=\"color: #ff0000;\">Unser Tun:<\/span><\/p>\n<ul>\n<li style=\"margin-left: 280px;\">Wir kommen nach Anfrage nach Hause, in das Pflegeheim, in das Krankenhaus.<\/li>\n<li style=\"margin-left: 280px;\">Wir sind ehrenamtlich t\u00e4tig und \u00fcben unsere Arbeit kostenlos aus.<\/li>\n<li style=\"margin-left: 280px;\">Wir ersetzen kein Pflegepersonal und leisten keine hauswirtschaftlichen Hilfen.<\/li>\n<li style=\"margin-left: 280px;\">Wir k\u00f6nnen und wollen die Zuwendung durch Angeh\u00f6rige, Freunde nicht ersetzen, aber wir entlasten sie.<\/li>\n<li style=\"margin-left: 280px;\">Wir kommen auf pers\u00f6nlichen Wunsch zu allen, die diesen Dienst m\u00f6chten.<\/li>\n<li style=\"margin-left: 280px;\">Wir unterliegen der Schweigepflicht<\/li>\n<\/ul>\n<p style=\"margin-left: 280px;\"><span style=\"color: #ff0000;\">Unsere Ziele:<\/span><\/p>\n<p style=\"margin-left: 320px;\">F\u00fcr Schwerstkranke und Sterbende da sein,<br \/>\nunabh\u00e4ngig von Alter und Krankheit,<br \/>\nReligion und Staatszugeh\u00f6rigkeit,<br \/>\nihnen zuzuh\u00f6ren,<br \/>\ndie Hand reichen,<br \/>\nwenn sie m\u00f6chten, ein Gebet sprechen,<br \/>\nsie in den schwersten Stunden begleiten,<br \/>\nAngeh\u00f6rige und Freunde unterst\u00fctzen,<br \/>\nungewollter Isolation entgegenwirken,<br \/>\ndas Sterben in unser Leben einbeziehen.<\/p>\n<p style=\"margin-left: 280px;\"><span style=\"color: #ff0000;\">Gedanken:<\/span><\/p>\n<p style=\"margin-left: 320px;\"><strong>\u2026eines Sterbenden an seine\/n Begleiter\/in:<\/strong><br \/>\nLass mich in den letzten Stunden meines Lebens nicht allein. Wenn nur noch Zeichen sprechen, lass sie sprechen.<br \/>\nBleibe bei mir, wenn mich Zorn, Angst, Traurigkeit und Verzweiflung heimsuchen und hilf mir, zum Frieden hindurchzugelangen.<br \/>\nLass mein Sterben dein Gewinn sein.<br \/>\nLebe dein Leben fortan bewusster.<\/p>\n<p>&nbsp;<\/p>\n<p style=\"text-align: center;\">Die seelsorgerliche Begleitung kann auf Wunsch auch erfolgen durch die Pfarrer Walter Schwaiger&nbsp; und Christoph Schweikle<\/p>\n<hr \/>\n<p><span style=\"color: #ff0000;\">Kontakt:<\/span><\/p>\n<p><b><span style=\"font-family: Arial;\">Einsatzleitung: <\/span><\/b><\/p>\n<p>wechselnd, Tel. 0151 65 13 23 88,<\/p>\n<p>mail:&nbsp; hospiz.badsaulgau[at]gmail.de,<\/p>\n<p>Post an \u00f6kumenische Hospizgruppe, &nbsp;<br \/>\nkath. Pfarramt, Pfarrstr.1, 88348 Bad Saulgau<\/p>\n<p>&nbsp;<\/p>\n<p><span style=\"font-family: Arial;\">Getragen wird die Hospizgruppe von den beiden Kirchengemeinden.<\/span><\/p>\n<h3>&nbsp;<\/h3>\n","protected":false},"excerpt":{"rendered":"<p>\u00d6kumenische Hospizgruppe Bad Saulgau&nbsp; In Geborgenheit den Weg gehen Hospiz: In fr\u00fcheren Zeiten gab es Hospize f\u00fcr kranke und verwundete Menschen sowie f\u00fcr Pilger und Reisende, die dort Aufnahme und Betreuung fanden. Heute ist Hospiz zu einer geistigen Bewegung geworden, um ein Leben bis zu letzt in Geborgenheit und W\u00fcrde zu erm\u00f6glichen. Wir m\u00f6chten die [&hellip;]<\/p>\n","protected":false},"author":2,"featured_media":0,"parent":374,"menu_order":3,"comment_status":"closed","ping_status":"open","template":"","meta":{"ngg_post_thumbnail":0,"footnotes":"","_links_to":"","_links_to_target":""},"class_list":["post-383","page","type-page","status-publish","hentry"],"_links":{"self":[{"href":"https:\/\/www.evkirche-badsaulgau.de\/rev\/index.php?rest_route=\/wp\/v2\/pages\/383","targetHints":{"allow":["GET"]}}],"collection":[{"href":"https:\/\/www.evkirche-badsaulgau.de\/rev\/index.php?rest_route=\/wp\/v2\/pages"}],"about":[{"href":"https:\/\/www.evkirche-badsaulgau.de\/rev\/index.php?rest_route=\/wp\/v2\/types\/page"}],"author":[{"embeddable":true,"href":"https:\/\/www.evkirche-badsaulgau.de\/rev\/index.php?rest_route=\/wp\/v2\/users\/2"}],"replies":[{"embeddable":true,"href":"https:\/\/www.evkirche-badsaulgau.de\/rev\/index.php?rest_route=%2Fwp%2Fv2%2Fcomments&post=383"}],"version-history":[{"count":12,"href":"https:\/\/www.evkirche-badsaulgau.de\/rev\/index.php?rest_route=\/wp\/v2\/pages\/383\/revisions"}],"predecessor-version":[{"id":3945,"href":"https:\/\/www.evkirche-badsaulgau.de\/rev\/index.php?rest_route=\/wp\/v2\/pages\/383\/revisions\/3945"}],"up":[{"embeddable":true,"href":"https:\/\/www.evkirche-badsaulgau.de\/rev\/index.php?rest_route=\/wp\/v2\/pages\/374"}],"wp:attachment":[{"href":"https:\/\/www.evkirche-badsaulgau.de\/rev\/index.php?rest_route=%2Fwp%2Fv2%2Fmedia&parent=383"}],"curies":[{"name":"wp","href":"https:\/\/api.w.org\/{rel}","templated":true}]}}