{"id":391,"date":"2013-06-19T13:03:40","date_gmt":"2013-06-19T13:03:40","guid":{"rendered":"http:\/\/www.evkirche-badsaulgau.de\/rev\/?page_id=391"},"modified":"2021-10-12T18:43:47","modified_gmt":"2021-10-12T16:43:47","slug":"besuchsdienst","status":"publish","type":"page","link":"https:\/\/www.evkirche-badsaulgau.de\/rev\/?page_id=391","title":{"rendered":"Besuchsdienst"},"content":{"rendered":"<p><img decoding=\"async\" class=\"size-medium wp-image-579 alignleft\" style=\"opacity: 0.9;\" title=\"\" src=\"http:\/\/www.evkirche-badsaulgau.de\/rev\/wp-content\/uploads\/2013\/06\/Besuchsdienst_comp600-300x200.jpg\" alt=\"Besuchsdienst_comp600\" width=\"274\" height=\"182\" srcset=\"https:\/\/www.evkirche-badsaulgau.de\/rev\/wp-content\/uploads\/2013\/06\/Besuchsdienst_comp600-300x200.jpg 300w, https:\/\/www.evkirche-badsaulgau.de\/rev\/wp-content\/uploads\/2013\/06\/Besuchsdienst_comp600.jpg 600w\" sizes=\"(max-width: 274px) 100vw, 274px\" \/><\/p>\n<p style=\"margin-left: 520px;\"><span style=\"color: #ff0000;\"><span style=\"font-size: 18px;\">Besuchsdienst<\/span><\/span> \u2013 das steht f\u00fcr:<\/p>\n<ul style=\"margin-left: 120px;\">\n<li style=\"margin-left: 440px;\">Begegnungen<\/li>\n<li style=\"margin-left: 440px;\">Offen sein f\u00fcr Neue(s)<\/li>\n<li style=\"margin-left: 440px;\">Kontakt zur Gemeinde<\/li>\n<li style=\"margin-left: 440px;\">Gespr\u00e4che<\/li>\n<li style=\"margin-left: 440px;\">Zeit haben<\/li>\n<\/ul>\n<p>Der <span style=\"color: #ff0000;\"><b>Seniorenbesuchsdienst <\/b><\/span>besucht Gemeindeglieder ab dem 75. Geburtstag anl\u00e4sslich ihres Geburtstages. Monatliches Treffen, i .d. R. am 1. Dienstag im Monat um 14.00 Uhr im Gemeindehaus (Lichtstube)<\/p>\n<p>Kontakt:&nbsp; Matthias Ebinger, Tel. 07581\/527609<\/p>\n<p>Der <span style=\"color: #ff0000;\"><b>Krankenhausbesuchsdienst <\/b><\/span>sucht Menschen auf, die im Krankenhaus Bad Saulgau liegen.<\/p>\n<p>Kontakt: Elisabeth Gerstetter Tel.:&nbsp; 07581\/7494<\/p>\n<p>Wir freuen uns immer \u00fcber neue Mitarbeiter und Mitarbeiterinnen in den Besuchsdiensten. Wenn Sie Interesse an dieser Aufgabe haben, oder wenn Sie sich gerne einmal einen Besuch w\u00fcnschen, dann wenden Sie sich bitte an den zust\u00e4ndigen Pfarrer.<\/p>\n","protected":false},"excerpt":{"rendered":"<p>Besuchsdienst \u2013 das steht f\u00fcr: Begegnungen Offen sein f\u00fcr Neue(s) Kontakt zur Gemeinde Gespr\u00e4che Zeit haben Der Seniorenbesuchsdienst besucht Gemeindeglieder ab dem 75. Geburtstag anl\u00e4sslich ihres Geburtstages. Monatliches Treffen, i .d. R. am 1. Dienstag im Monat um 14.00 Uhr im Gemeindehaus (Lichtstube) Kontakt:&nbsp; Matthias Ebinger, Tel. 07581\/527609 Der Krankenhausbesuchsdienst sucht Menschen auf, die im [&hellip;]<\/p>\n","protected":false},"author":2,"featured_media":0,"parent":238,"menu_order":6,"comment_status":"closed","ping_status":"closed","template":"","meta":{"ngg_post_thumbnail":0,"footnotes":"","_links_to":"","_links_to_target":""},"class_list":["post-391","page","type-page","status-publish","hentry"],"_links":{"self":[{"href":"https:\/\/www.evkirche-badsaulgau.de\/rev\/index.php?rest_route=\/wp\/v2\/pages\/391","targetHints":{"allow":["GET"]}}],"collection":[{"href":"https:\/\/www.evkirche-badsaulgau.de\/rev\/index.php?rest_route=\/wp\/v2\/pages"}],"about":[{"href":"https:\/\/www.evkirche-badsaulgau.de\/rev\/index.php?rest_route=\/wp\/v2\/types\/page"}],"author":[{"embeddable":true,"href":"https:\/\/www.evkirche-badsaulgau.de\/rev\/index.php?rest_route=\/wp\/v2\/users\/2"}],"replies":[{"embeddable":true,"href":"https:\/\/www.evkirche-badsaulgau.de\/rev\/index.php?rest_route=%2Fwp%2Fv2%2Fcomments&post=391"}],"version-history":[{"count":17,"href":"https:\/\/www.evkirche-badsaulgau.de\/rev\/index.php?rest_route=\/wp\/v2\/pages\/391\/revisions"}],"predecessor-version":[{"id":3949,"href":"https:\/\/www.evkirche-badsaulgau.de\/rev\/index.php?rest_route=\/wp\/v2\/pages\/391\/revisions\/3949"}],"up":[{"embeddable":true,"href":"https:\/\/www.evkirche-badsaulgau.de\/rev\/index.php?rest_route=\/wp\/v2\/pages\/238"}],"wp:attachment":[{"href":"https:\/\/www.evkirche-badsaulgau.de\/rev\/index.php?rest_route=%2Fwp%2Fv2%2Fmedia&parent=391"}],"curies":[{"name":"wp","href":"https:\/\/api.w.org\/{rel}","templated":true}]}}