{"id":498,"date":"2013-06-23T00:01:06","date_gmt":"2013-06-22T22:01:06","guid":{"rendered":"http:\/\/www.evkirche-badsaulgau.de\/rev\/?page_id=498"},"modified":"2021-10-12T18:56:07","modified_gmt":"2021-10-12T16:56:07","slug":"schulergottesdienst","status":"publish","type":"page","link":"https:\/\/www.evkirche-badsaulgau.de\/rev\/?page_id=498","title":{"rendered":"Sch\u00fclergottesdienst"},"content":{"rendered":"<p><a title=\"\" href=\"http:\/\/www.evkirche-badsaulgau.de\/rev\/wp-content\/uploads\/2013\/06\/comp_Sch\u00fcler_22.jpg\" target=\"\" rel=\"noopener\"><img fetchpriority=\"high\" decoding=\"async\" class=\"size-full wp-image-556 alignleft\" style=\"opacity: 0.9;\" title=\"\" src=\"http:\/\/www.evkirche-badsaulgau.de\/rev\/wp-content\/uploads\/2013\/06\/comp_Sch\u00fcler_22.jpg\" alt=\"comp_Sch\u00fcler_2\" width=\"326\" height=\"217\" srcset=\"https:\/\/www.evkirche-badsaulgau.de\/rev\/wp-content\/uploads\/2013\/06\/comp_Sch\u00fcler_22.jpg 648w, https:\/\/www.evkirche-badsaulgau.de\/rev\/wp-content\/uploads\/2013\/06\/comp_Sch\u00fcler_22-300x199.jpg 300w\" sizes=\"(max-width: 326px) 100vw, 326px\" \/><\/a><\/p>\n<p style=\"margin-left: 360px;\"><span style=\"color: #ff0000;\"><span style=\"font-size: 18px;\">Sch\u00fclergottesdienste<\/span><\/span>&nbsp;f\u00fcr die Sch\u00fcler der dritten Klasse&nbsp;finden in Bad Saulgau einmal im Monat&nbsp;mittwochs von 7.50 &#8211; 8.20 Uhr in der Christuskirche statt.<\/p>\n<p>&nbsp;<\/p>\n<p>&nbsp;<\/p>\n<p>&nbsp;<\/p>\n<p>&nbsp;<\/p>\n<p><a href=\"http:\/\/www.berta-hummel-schule.de\/aktuelles-termine\/sch%C3%BClergottesdienste\/\">&nbsp; Hier stehen die einzelnen Termine:<\/a><\/p>\n<p>&nbsp;<\/p>\n<p>&nbsp;<\/p>\n<p>&nbsp;<\/p>\n<hr \/>\n<p style=\"text-align: -webkit-auto;\"><span style=\"text-align: justify;\">Falls Sie Fragen haben bitte bei Pfarrer Schweikle nachfragen Tel.: 07581\/3863 &#8211; <\/span>christoph.schweikle[at]elkw.de<\/p>\n","protected":false},"excerpt":{"rendered":"<p>Sch\u00fclergottesdienste&nbsp;f\u00fcr die Sch\u00fcler der dritten Klasse&nbsp;finden in Bad Saulgau einmal im Monat&nbsp;mittwochs von 7.50 &#8211; 8.20 Uhr in der Christuskirche statt. &nbsp; &nbsp; &nbsp; &nbsp; &nbsp; Hier stehen die einzelnen Termine: &nbsp; &nbsp; &nbsp; Falls Sie Fragen haben bitte bei Pfarrer Schweikle nachfragen Tel.: 07581\/3863 &#8211; christoph.schweikle[at]elkw.de<\/p>\n","protected":false},"author":2,"featured_media":0,"parent":354,"menu_order":9,"comment_status":"closed","ping_status":"open","template":"","meta":{"ngg_post_thumbnail":0,"footnotes":"","_links_to":"","_links_to_target":""},"class_list":["post-498","page","type-page","status-publish","hentry"],"_links":{"self":[{"href":"https:\/\/www.evkirche-badsaulgau.de\/rev\/index.php?rest_route=\/wp\/v2\/pages\/498","targetHints":{"allow":["GET"]}}],"collection":[{"href":"https:\/\/www.evkirche-badsaulgau.de\/rev\/index.php?rest_route=\/wp\/v2\/pages"}],"about":[{"href":"https:\/\/www.evkirche-badsaulgau.de\/rev\/index.php?rest_route=\/wp\/v2\/types\/page"}],"author":[{"embeddable":true,"href":"https:\/\/www.evkirche-badsaulgau.de\/rev\/index.php?rest_route=\/wp\/v2\/users\/2"}],"replies":[{"embeddable":true,"href":"https:\/\/www.evkirche-badsaulgau.de\/rev\/index.php?rest_route=%2Fwp%2Fv2%2Fcomments&post=498"}],"version-history":[{"count":18,"href":"https:\/\/www.evkirche-badsaulgau.de\/rev\/index.php?rest_route=\/wp\/v2\/pages\/498\/revisions"}],"predecessor-version":[{"id":3937,"href":"https:\/\/www.evkirche-badsaulgau.de\/rev\/index.php?rest_route=\/wp\/v2\/pages\/498\/revisions\/3937"}],"up":[{"embeddable":true,"href":"https:\/\/www.evkirche-badsaulgau.de\/rev\/index.php?rest_route=\/wp\/v2\/pages\/354"}],"wp:attachment":[{"href":"https:\/\/www.evkirche-badsaulgau.de\/rev\/index.php?rest_route=%2Fwp%2Fv2%2Fmedia&parent=498"}],"curies":[{"name":"wp","href":"https:\/\/api.w.org\/{rel}","templated":true}]}}