{"id":738,"date":"2013-07-12T20:56:20","date_gmt":"2013-07-12T18:56:20","guid":{"rendered":"http:\/\/www.evkirche-badsaulgau.de\/rev\/?page_id=738"},"modified":"2025-02-14T08:58:49","modified_gmt":"2025-02-14T07:58:49","slug":"impressum","status":"publish","type":"page","link":"https:\/\/www.evkirche-badsaulgau.de\/rev\/?page_id=738","title":{"rendered":"Impressum Datenschutz"},"content":{"rendered":"<p>Evangelische Kirchengemeinde Bad Saulgau,<br \/>\nGutenbergstr. 49,<br \/>\n88348 Bad Saulgau<br \/>\nTel.: 07581 \/ 75 31<\/p>\n<p>K\u00f6rperschaft des \u00f6ffentlichen Rechts &#8211;<br \/>\nGesetzlicher Vertreter: Pfarrer Walter Schwaiger<\/p>\n<p>E-Mail: walter.schwaiger[at]elkw.de<\/p>\n<p>Internet: https:\/\/www.evkirche-badsaulgau.de<\/p>\n<p>Die Evangelische Kirchengemeinde Bad Saulgau geh\u00f6rt der Evangelischen Landeskirche in W\u00fcrttemberg an.<br \/>\nDiese Website unterliegt dem Datenschutzgesetz der Evangelischen Kirche in Deutschland (DSG-EKD).<\/p>\n<p>Information nach dem Verbraucherstreitbeilegungsgesetz:<\/p>\n<p>Zur Teilnahme an Streitbeilegungsverfahren vor einer Verbraucherschlichtungsstelle sind wir nicht bereit.<\/p>\n<p>Webmaster: J\u00f6rg Barth<br \/>\nMail:      joerg[at]evkirche-badsaulgau.de<\/p>\n<p>Fotos : Johann Klusch, johann.klusch[at]gmx.de<\/p>\n<p>Copyright \u00a9 2013 ev. Kirchengemeinde Bad Saulgau<br \/>\nAlle Rechte vorbehalten. Die Angaben im Internet-Angebot des ev. Kirchengemeinde Bad Saulgau<br \/>\nwurden sorgf\u00e4ltig gepr\u00fcft. Eine Garantie auf Vollst\u00e4ndigkeit oder Richtigkeit kann jedoch nicht \u00fcbernommen<br \/>\nwerden, ebenso wenig wie eine Haftung f\u00fcr die Verwendung dieser Seiten oder deren Inhalt. Vervielf\u00e4ltigung<br \/>\nund Verbreitung nur mit Genehmigung des inhaltlich Verantwortlichen. Lesen Sie auch den Haftungsausschluss.<\/p>\n","protected":false},"excerpt":{"rendered":"<p>Evangelische Kirchengemeinde Bad Saulgau, Gutenbergstr. 49, 88348 Bad Saulgau Tel.: 07581 \/ 75 31 K\u00f6rperschaft des \u00f6ffentlichen Rechts &#8211; Gesetzlicher Vertreter: Pfarrer Walter Schwaiger E-Mail: walter.schwaiger[at]elkw.de Internet: https:\/\/www.evkirche-badsaulgau.de Die Evangelische Kirchengemeinde Bad Saulgau geh\u00f6rt der Evangelischen Landeskirche in W\u00fcrttemberg an. Diese Website unterliegt dem Datenschutzgesetz der Evangelischen Kirche in Deutschland (DSG-EKD). Information nach dem Verbraucherstreitbeilegungsgesetz: [&hellip;]<\/p>\n","protected":false},"author":2,"featured_media":0,"parent":0,"menu_order":7,"comment_status":"closed","ping_status":"open","template":"","meta":{"ngg_post_thumbnail":0,"footnotes":"","_links_to":"","_links_to_target":""},"class_list":["post-738","page","type-page","status-publish","hentry"],"_links":{"self":[{"href":"https:\/\/www.evkirche-badsaulgau.de\/rev\/index.php?rest_route=\/wp\/v2\/pages\/738","targetHints":{"allow":["GET"]}}],"collection":[{"href":"https:\/\/www.evkirche-badsaulgau.de\/rev\/index.php?rest_route=\/wp\/v2\/pages"}],"about":[{"href":"https:\/\/www.evkirche-badsaulgau.de\/rev\/index.php?rest_route=\/wp\/v2\/types\/page"}],"author":[{"embeddable":true,"href":"https:\/\/www.evkirche-badsaulgau.de\/rev\/index.php?rest_route=\/wp\/v2\/users\/2"}],"replies":[{"embeddable":true,"href":"https:\/\/www.evkirche-badsaulgau.de\/rev\/index.php?rest_route=%2Fwp%2Fv2%2Fcomments&post=738"}],"version-history":[{"count":16,"href":"https:\/\/www.evkirche-badsaulgau.de\/rev\/index.php?rest_route=\/wp\/v2\/pages\/738\/revisions"}],"predecessor-version":[{"id":4355,"href":"https:\/\/www.evkirche-badsaulgau.de\/rev\/index.php?rest_route=\/wp\/v2\/pages\/738\/revisions\/4355"}],"wp:attachment":[{"href":"https:\/\/www.evkirche-badsaulgau.de\/rev\/index.php?rest_route=%2Fwp%2Fv2%2Fmedia&parent=738"}],"curies":[{"name":"wp","href":"https:\/\/api.w.org\/{rel}","templated":true}]}}