{"id":747,"date":"2013-07-12T21:02:33","date_gmt":"2013-07-12T19:02:33","guid":{"rendered":"http:\/\/www.evkirche-badsaulgau.de\/rev\/?page_id=747"},"modified":"2018-05-24T12:59:00","modified_gmt":"2018-05-24T10:59:00","slug":"datenschutz","status":"publish","type":"page","link":"https:\/\/www.evkirche-badsaulgau.de\/rev\/?page_id=747","title":{"rendered":"Datenschutz"},"content":{"rendered":"<p>Datenschutzhinweise<\/p>\n<p>Wir, die Evangelische Kirchengemeinde Bad Saulgau, nehmen den Schutz Ihrer personenbezogenen Daten sehr ernst und halten uns an die Vorgaben und Regelungen des Datenschutzgesetzes der Evangelischen Kirche in Deutschland (DSG-EKD www.datenschutz.ekd.de\/) Personenbezogene Daten werden auf dieser Webseite nur im technisch notwendigen Umfang erhoben. In keinem Fall werden die erhobenen Daten verkauft oder aus anderen Gr\u00fcnden an Dritte weitergegeben.<\/p>\n<p>Die nachfolgende Erkl\u00e4rung gibt Ihnen einen \u00dcberblick dar\u00fcber, wie wir diesen Schutz gew\u00e4hrleisten und welche Art von Daten zu welchem Zweck erhoben werden.<\/p>\n<p>Datenverarbeitung auf dieser Website<br \/>\nDer Provider erhebt und speichert automatisch in ihren Server Log Files Informationen, die Ihr Browser an uns \u00fcbermittelt. Dies sind:<\/p>\n<p>Browsertyp\/ -version<br \/>\nverwendetes Betriebssystem<br \/>\nReferrer URL (die zuvor besuchte Seite)<br \/>\nHostname des zugreifenden Rechners (IP Adresse)<br \/>\nUhrzeit der Serveranfrage.<\/p>\n<p>Diese Daten werden lediglich f\u00fcr statistische Zwecke ausgewertet und anschlie\u00dfend gel\u00f6scht. Die Daten sind f\u00fcr die Evangelische Kirchengemeinde Bad Saulgau nicht bestimmten Personen zuordenbar. Eine Zusammenf\u00fchrung dieser Daten mit anderen Datenquellen wird nicht vorgenommen. <\/p>\n<p>Die Nutzung unserer Internetseiten ist ohne Angabe von personenbezogenen Daten m\u00f6glich.<br \/>\nEs werden keine weiteren personenbezogenen Daten abgefragt oder erhoben. <\/p>\n<p>Bei Fragen k\u00f6nnen Sie sich an die im Impressum genannten Personen wenden. <\/p>\n<p>Aufsichtsbeh\u00f6rde nach dem Datenschutzgesetz der Evangelischen Kirche Deutschland (DSG-EKD)<br \/>\nsind f\u00fcr die Kirchengemeinde Bad Saulgau:<\/p>\n<p>Der Beauftragte f\u00fcr den Datenschutz der EKD<br \/>\nHerr Michael Jacob<br \/>\nB\u00f6ttcherstra\u00dfe 7<br \/>\n30419 Hannover<br \/>\nTelefon: 0511 768128-0<br \/>\nTelefax: 0511 768128-20<br \/>\nE-Mail: info [at] datenschutz.ekd.de<br \/>\nwww.datenschutz.ekd.de <\/p>\n<p>F\u00fcr die Evangelische Landeskirche in W\u00fcrttemberg ist der Regionalverantwortliche f\u00fcr die Datenschutzregion S\u00fcd:<br \/>\nDer Beauftragte f\u00fcr den Datenschutz der EKD, Au\u00dfenstelle Ulm<br \/>\nDr. Axel Gutenkunst<br \/>\nHirschstra\u00dfe 4<br \/>\n89073 Ulm<br \/>\nTelefon: 0731 140593-0<br \/>\nTelefax: 0731 140593-20<br \/>\nE-Mail: sued[at]datenschutz.ekd.de<br \/>\nwww.datenschutz.ekd.de <\/p>\n","protected":false},"excerpt":{"rendered":"<p>Datenschutzhinweise Wir, die Evangelische Kirchengemeinde Bad Saulgau, nehmen den Schutz Ihrer personenbezogenen Daten sehr ernst und halten uns an die Vorgaben und Regelungen des Datenschutzgesetzes der Evangelischen Kirche in Deutschland (DSG-EKD www.datenschutz.ekd.de\/) Personenbezogene Daten werden auf dieser Webseite nur im technisch notwendigen Umfang erhoben. In keinem Fall werden die erhobenen Daten verkauft oder aus anderen [&hellip;]<\/p>\n","protected":false},"author":2,"featured_media":0,"parent":738,"menu_order":1,"comment_status":"closed","ping_status":"open","template":"","meta":{"ngg_post_thumbnail":0,"footnotes":"","_links_to":"","_links_to_target":""},"class_list":["post-747","page","type-page","status-publish","hentry"],"_links":{"self":[{"href":"https:\/\/www.evkirche-badsaulgau.de\/rev\/index.php?rest_route=\/wp\/v2\/pages\/747","targetHints":{"allow":["GET"]}}],"collection":[{"href":"https:\/\/www.evkirche-badsaulgau.de\/rev\/index.php?rest_route=\/wp\/v2\/pages"}],"about":[{"href":"https:\/\/www.evkirche-badsaulgau.de\/rev\/index.php?rest_route=\/wp\/v2\/types\/page"}],"author":[{"embeddable":true,"href":"https:\/\/www.evkirche-badsaulgau.de\/rev\/index.php?rest_route=\/wp\/v2\/users\/2"}],"replies":[{"embeddable":true,"href":"https:\/\/www.evkirche-badsaulgau.de\/rev\/index.php?rest_route=%2Fwp%2Fv2%2Fcomments&post=747"}],"version-history":[{"count":6,"href":"https:\/\/www.evkirche-badsaulgau.de\/rev\/index.php?rest_route=\/wp\/v2\/pages\/747\/revisions"}],"predecessor-version":[{"id":2965,"href":"https:\/\/www.evkirche-badsaulgau.de\/rev\/index.php?rest_route=\/wp\/v2\/pages\/747\/revisions\/2965"}],"up":[{"embeddable":true,"href":"https:\/\/www.evkirche-badsaulgau.de\/rev\/index.php?rest_route=\/wp\/v2\/pages\/738"}],"wp:attachment":[{"href":"https:\/\/www.evkirche-badsaulgau.de\/rev\/index.php?rest_route=%2Fwp%2Fv2%2Fmedia&parent=747"}],"curies":[{"name":"wp","href":"https:\/\/api.w.org\/{rel}","templated":true}]}}