{"id":790,"date":"2013-07-12T22:41:33","date_gmt":"2013-07-12T20:41:33","guid":{"rendered":"http:\/\/www.evkirche-badsaulgau.de\/rev\/?page_id=790"},"modified":"2019-01-25T21:46:42","modified_gmt":"2019-01-25T20:46:42","slug":"diakonische-bezirksstelle","status":"publish","type":"page","link":"https:\/\/www.evkirche-badsaulgau.de\/rev\/?page_id=790","title":{"rendered":"Diakonische Bezirksstelle"},"content":{"rendered":"<p>&nbsp;<\/p>\n<p style=\"margin-left: 280px;\"><span style=\"color: #ff0000;\"><span style=\"font-size: 18px;\"><span style=\"font-family: Arial;\">Diakonische Bezirksstelle<\/span><\/span><\/span><\/p>\n<p style=\"margin-left: 280px;\"><span style=\"font-family: Arial;\">Wenn Sie sich fragen, wie es weitergehen soll, zum Beispiel bei<\/span><\/p>\n<ul style=\"margin-left: 80px;\">\n<li style=\"margin-left: 200px;\"><span style=\"font-family: Arial;\">famili\u00e4ren und pers\u00f6nlichen Krisen und Konflikten<\/span><\/li>\n<li style=\"margin-left: 200px;\"><span style=\"font-family: Arial;\">Erholungs- und Kurbed\u00fcrftigkeit (M\u00fctter und Mutter-Kind)<\/span><\/li>\n<li style=\"margin-left: 200px;\"><span style=\"font-family: Arial;\">Unklarheiten \u00fcber soziale Rechtsanspr\u00fcche (z.B. Arbeitslosengeld II, Grundsicherung)<\/span><\/li>\n<li style=\"margin-left: 200px;\"><span style=\"font-family: Arial;\">finanziellen und materiellen Notlagen,<\/span><\/li>\n<\/ul>\n<p style=\"margin-left: 280px;\"><span style=\"font-family: Arial;\">\u200bdann wenden Sie sich an uns!&nbsp;<\/span><\/p>\n<p style=\"margin-left: 280px;\"><span style=\"color: #ff0000;\"><span style=\"font-family: Arial;\">Wir nehmen uns Zeit f\u00fcr Sie und suchen gemeinsam mit Ihnen nach L\u00f6sungen und Auswegen. Wir sind offen f\u00fcr ALLE, ohne Ansehen der Konfession oder Nationalit\u00e4t und kostenlos.&nbsp;<\/span><\/span><\/p>\n<p style=\"margin-left: 280px;\"><span style=\"font-family: Arial;\">Die Diakonische Bezirksstelle Biberach hat in Bad Saulgau eine Au\u00dfenstelle.&nbsp;Menschen in Notsituationen finden dort Hilfe.&nbsp;<\/span><span style=\"font-family: Arial;\">Psychosoziale Beratung f\u00fcr Einzelne, Paare und Familien, Sozialberatung.&nbsp;<\/span><\/p>\n<p style=\"margin-left: 280px;\"><span style=\"font-family: Arial;\"><span style=\"color: #ff0000;\">\u00d6ffnungszeiten<\/span> : Montag,&nbsp;9.00 \u2013 11.00 Uhr und nach Vereinbarung, <\/span><\/p>\n<p style=\"margin-left: 280px;\"><span style=\"color: #ff0000;\"><span style=\"font-family: Arial;\">Kaiserstra\u00dfe 62 88348 Bad Saulgau<\/span><\/span><\/p>\n<hr \/>\n<p><span style=\"color: #ff0000;\">&nbsp;<\/span><span style=\"font-family: Arial; color: #ff0000;\">Kontakt:&nbsp; <\/span>Sibylle Preuss Tel 07581 51 79 700 preus[at]diakonie-biberach.de<\/p>\n<p>&nbsp;&nbsp;&nbsp;&nbsp;&nbsp;&nbsp;&nbsp;&nbsp;&nbsp;&nbsp;&nbsp;&nbsp;&nbsp;&nbsp;&nbsp;&nbsp; Yvonne Storme, <a href=\"mailto:storme@diakonie-biberach.de\">storme[at]diakonie-biberach.de<\/a><\/p>\n","protected":false},"excerpt":{"rendered":"<p>&nbsp; Diakonische Bezirksstelle Wenn Sie sich fragen, wie es weitergehen soll, zum Beispiel bei famili\u00e4ren und pers\u00f6nlichen Krisen und Konflikten Erholungs- und Kurbed\u00fcrftigkeit (M\u00fctter und Mutter-Kind) Unklarheiten \u00fcber soziale Rechtsanspr\u00fcche (z.B. Arbeitslosengeld II, Grundsicherung) finanziellen und materiellen Notlagen, \u200bdann wenden Sie sich an uns!&nbsp; Wir nehmen uns Zeit f\u00fcr Sie und suchen gemeinsam mit Ihnen [&hellip;]<\/p>\n","protected":false},"author":2,"featured_media":0,"parent":374,"menu_order":0,"comment_status":"closed","ping_status":"open","template":"","meta":{"ngg_post_thumbnail":0,"footnotes":"","_links_to":"","_links_to_target":""},"class_list":["post-790","page","type-page","status-publish","hentry"],"_links":{"self":[{"href":"https:\/\/www.evkirche-badsaulgau.de\/rev\/index.php?rest_route=\/wp\/v2\/pages\/790","targetHints":{"allow":["GET"]}}],"collection":[{"href":"https:\/\/www.evkirche-badsaulgau.de\/rev\/index.php?rest_route=\/wp\/v2\/pages"}],"about":[{"href":"https:\/\/www.evkirche-badsaulgau.de\/rev\/index.php?rest_route=\/wp\/v2\/types\/page"}],"author":[{"embeddable":true,"href":"https:\/\/www.evkirche-badsaulgau.de\/rev\/index.php?rest_route=\/wp\/v2\/users\/2"}],"replies":[{"embeddable":true,"href":"https:\/\/www.evkirche-badsaulgau.de\/rev\/index.php?rest_route=%2Fwp%2Fv2%2Fcomments&post=790"}],"version-history":[{"count":17,"href":"https:\/\/www.evkirche-badsaulgau.de\/rev\/index.php?rest_route=\/wp\/v2\/pages\/790\/revisions"}],"predecessor-version":[{"id":3119,"href":"https:\/\/www.evkirche-badsaulgau.de\/rev\/index.php?rest_route=\/wp\/v2\/pages\/790\/revisions\/3119"}],"up":[{"embeddable":true,"href":"https:\/\/www.evkirche-badsaulgau.de\/rev\/index.php?rest_route=\/wp\/v2\/pages\/374"}],"wp:attachment":[{"href":"https:\/\/www.evkirche-badsaulgau.de\/rev\/index.php?rest_route=%2Fwp%2Fv2%2Fmedia&parent=790"}],"curies":[{"name":"wp","href":"https:\/\/api.w.org\/{rel}","templated":true}]}}