{"id":935,"date":"2013-10-03T16:09:33","date_gmt":"2013-10-03T14:09:33","guid":{"rendered":"http:\/\/www.evkirche-badsaulgau.de\/rev\/?page_id=935"},"modified":"2022-04-19T10:06:29","modified_gmt":"2022-04-19T08:06:29","slug":"familienkirche-2","status":"publish","type":"page","link":"https:\/\/www.evkirche-badsaulgau.de\/rev\/?page_id=935","title":{"rendered":"Familienkirche"},"content":{"rendered":"<p style=\"margin-left: 20px;\"><span style=\"color: #ff0000;\"><span style=\"font-size: 18px;\">Familienkirche<\/span><\/span> hei\u00dft: Alt und Jung, ganz klein und ganz gro\u00df, als Familie oder allein &#8211;  alle d\u00fcrfen kommen. Gemeinsam feiern wir in lockerer Atmosph\u00e4re Gottesdienst, bei dem vor allem die Kinder aktiv mitmachen k\u00f6nnen. Mittelpunkt unserer Familienkirche ist immer eine Geschichte aus der Bibel, die wir gemeinsam in unserer Mitte als Bodenbild entfalten. Das gemeinsame Singen und Beten, die gemeinsame Gestaltung unseres Altars und die Begegnung mit Gott in der der biblischen Geschichte gibt unserer Familienkirche einen tiefen Sinn, von dem sich gro\u00dfe und kleine Menschen ber\u00fchren lassen. Nach dem Gottesdienst, der ca. eine halbe Stunde dauert, sind alle eingeladen, bei Kaffee und Kuchen gem\u00fctlich beisammen zu sein.<br \/>\nDie Familienkirche findet um 10 Uhr im Ev. Gemeindehaus in Bad Saulgau statt. Die aktuellen Termine k\u00f6nnen dem Stadtjournal oder dem Gemeindebrief entnommen werden.<br \/>\nHerzliche Einladung! <\/p>\n<p>&nbsp;<\/p>\n<iframe src=\"\/\/docs.google.com\/viewer?url=https%3A%2F%2Fwww.evkirche-badsaulgau.de%2Frev%2Fwp-content%2Fuploads%2F2022_03_12_Nachricht-der-Familienkirche.pdf&hl=de&embedded=true\" class=\"gde-frame\" style=\"width:99%; height:600px; border: none;\" scrolling=\"no\"><\/iframe>\n<p class=\"gde-text\"><a href=\"https:\/\/www.evkirche-badsaulgau.de\/rev\/wp-content\/uploads\/2022_03_12_Nachricht-der-Familienkirche.pdf\" class=\"gde-link\">Download (PDF, 493KB)<\/a><\/p>\n<p style=\"margin-left: 20px;\">Einige Eindr\u00fccke aus unserer Familienkirche<\/p>\n<p style=\"margin-left: 20px;\">ngg_shortcode_0_placeholder<\/p>\n<p>&nbsp;<\/p>\n<p>Im Mai 2013 hat das Evangelische Gemeindeblatt \u00fcber unsere Familienkirche berichtet. Den Artikel finden Sie <a href=\"http:\/\/www.evkirche-badsaulgau.de\/rev\/wp-content\/uploads\/2013\/10\/Gemeindeblatt-Familienkirche.jpg\">hier.<\/a><\/p>\n<p>&nbsp;<\/p>\n<p>&nbsp;<\/p>\n<hr \/>\n<p><span style=\"color: #ff0000;\">Kontakt: <\/span>Kathrin Wohlwender &nbsp;Telefon 07581 &#8211; 4803223<\/p>\n","protected":false},"excerpt":{"rendered":"<p>Familienkirche hei\u00dft: Alt und Jung, ganz klein und ganz gro\u00df, als Familie oder allein &#8211; alle d\u00fcrfen kommen. Gemeinsam feiern wir in lockerer Atmosph\u00e4re Gottesdienst, bei dem vor allem die Kinder aktiv mitmachen k\u00f6nnen. Mittelpunkt unserer Familienkirche ist immer eine Geschichte aus der Bibel, die wir gemeinsam in unserer Mitte als Bodenbild entfalten. Das gemeinsame [&hellip;]<\/p>\n","protected":false},"author":2,"featured_media":0,"parent":245,"menu_order":5,"comment_status":"closed","ping_status":"open","template":"","meta":{"ngg_post_thumbnail":0,"footnotes":"","_links_to":"","_links_to_target":""},"class_list":["post-935","page","type-page","status-publish","hentry"],"_links":{"self":[{"href":"https:\/\/www.evkirche-badsaulgau.de\/rev\/index.php?rest_route=\/wp\/v2\/pages\/935","targetHints":{"allow":["GET"]}}],"collection":[{"href":"https:\/\/www.evkirche-badsaulgau.de\/rev\/index.php?rest_route=\/wp\/v2\/pages"}],"about":[{"href":"https:\/\/www.evkirche-badsaulgau.de\/rev\/index.php?rest_route=\/wp\/v2\/types\/page"}],"author":[{"embeddable":true,"href":"https:\/\/www.evkirche-badsaulgau.de\/rev\/index.php?rest_route=\/wp\/v2\/users\/2"}],"replies":[{"embeddable":true,"href":"https:\/\/www.evkirche-badsaulgau.de\/rev\/index.php?rest_route=%2Fwp%2Fv2%2Fcomments&post=935"}],"version-history":[{"count":38,"href":"https:\/\/www.evkirche-badsaulgau.de\/rev\/index.php?rest_route=\/wp\/v2\/pages\/935\/revisions"}],"predecessor-version":[{"id":4066,"href":"https:\/\/www.evkirche-badsaulgau.de\/rev\/index.php?rest_route=\/wp\/v2\/pages\/935\/revisions\/4066"}],"up":[{"embeddable":true,"href":"https:\/\/www.evkirche-badsaulgau.de\/rev\/index.php?rest_route=\/wp\/v2\/pages\/245"}],"wp:attachment":[{"href":"https:\/\/www.evkirche-badsaulgau.de\/rev\/index.php?rest_route=%2Fwp%2Fv2%2Fmedia&parent=935"}],"curies":[{"name":"wp","href":"https:\/\/api.w.org\/{rel}","templated":true}]}}